{"id":2717,"date":"2026-05-01T11:45:32","date_gmt":"2026-05-01T11:45:32","guid":{"rendered":"https:\/wepa\/"},"modified":"2026-05-01T11:48:21","modified_gmt":"2026-05-01T11:48:21","slug":"wepa","status":"publish","type":"page","link":"https:\/\/moveair.energy\/en\/wepa\/","title":{"rendered":"Wind Energy Potential Analysis (WEPA\u2122)"},"content":{"rendered":"<div style=\"max-width:900px;margin:60px auto;padding:0 20px\">\n<h1>Request a Free Wind Energy Potential Analysis\u2122 (WEPA\u2122)<\/h1>\n<p>Maximize the wind potential of your location - with the free <strong>MOVEAIR Wind Energy Potential Analysis\u2122 (WEPA\u2122)<\/strong>. We are analyzing how much energy your infrastructure can generate with a MOVEAIR system.<\/p>\n<h2>This is how it works<\/h2>\n<ol>\n<li>You are filling out the form<\/li>\n<li>We are sending you a standardized questionnaire with relevant site parameters<\/li>\n<li>You will receive a personalized wind energy potential analysis from us \u2013 free and without obligation.<\/li>\n<\/ol>\n<h2>Suitable for<\/h2>\n<ul>\n<li>Telecommunication Towers &amp; Radio Towers<\/li>\n<li>Port facilities &amp; logistics areas<\/li>\n<li>Bridges, Cranes &amp; Infrastructure<\/li>\n<li>Commercial and residential properties<\/li>\n<\/ul>\n\n<div class=\"wpcf7 no-js\" id=\"wpcf7-f855-o1\" lang=\"de-DE\" dir=\"ltr\" data-wpcf7-id=\"855\">\n<div class=\"screen-reader-response\"><p role=\"status\" aria-live=\"polite\" aria-atomic=\"true\"><\/p> <ul><\/ul><\/div>\n<form action=\"\/en\/wp-json\/wp\/v2\/pages\/2717#wpcf7-f855-o1\" method=\"post\" class=\"wpcf7-form init\" aria-label=\"Contact form\" novalidate=\"novalidate\" data-status=\"init\" data-trp-original-action=\"\/en\/wp-json\/wp\/v2\/pages\/2717#wpcf7-f855-o1\">\n<fieldset class=\"hidden-fields-container\"><input type=\"hidden\" name=\"_wpcf7\" value=\"855\" \/><input type=\"hidden\" name=\"_wpcf7_version\" value=\"6.1.5\" \/><input type=\"hidden\" name=\"_wpcf7_locale\" value=\"de_DE\" \/><input type=\"hidden\" name=\"_wpcf7_unit_tag\" value=\"wpcf7-f855-o1\" \/><input type=\"hidden\" name=\"_wpcf7_container_post\" value=\"0\" \/><input type=\"hidden\" name=\"_wpcf7_posted_data_hash\" value=\"\" \/>\n<\/fieldset>\n<div class=\"uacf7-form-wrapper-container uacf7-form-855\"><div class=\"smart-form-4\">\n\n<p class=\"smart-textfield first-column\"><label>Name<\/label><span class=\"wpcf7-form-control-wrap\" data-name=\"kontakt-name\"><input size=\"40\" maxlength=\"400\" class=\"wpcf7-form-control wpcf7-text wpcf7-validates-as-required move-label\" aria-required=\"true\" aria-invalid=\"false\" value=\"\" type=\"text\" name=\"kontakt-name\" \/><\/span><\/p>\n\n<p class=\"smart-textfield second-column\"><label>Company<\/label><span class=\"wpcf7-form-control-wrap\" data-name=\"firma\"><input size=\"40\" maxlength=\"400\" class=\"wpcf7-form-control wpcf7-text move-label\" aria-invalid=\"false\" value=\"\" type=\"text\" name=\"firma\" \/><\/span><\/p>\n\n<p class=\"smart-textfield first-column\"><label>Phone<\/label><span class=\"wpcf7-form-control-wrap\" data-name=\"telefon\"><input size=\"40\" maxlength=\"400\" class=\"wpcf7-form-control wpcf7-tel wpcf7-text wpcf7-validates-as-tel move-label\" aria-invalid=\"false\" value=\"\" type=\"tel\" name=\"telefon\" \/><\/span><\/p>\n\n<p class=\"smart-textfield second-column\"><label>Email<\/label><span class=\"wpcf7-form-control-wrap\" data-name=\"mailadresse\"><input size=\"40\" maxlength=\"400\" class=\"wpcf7-form-control wpcf7-email wpcf7-validates-as-required wpcf7-text wpcf7-validates-as-email move-label\" aria-required=\"true\" aria-invalid=\"false\" value=\"\" type=\"email\" name=\"mailadresse\" \/><\/span><\/p>\n\n<p class=\"smart-textarea\"><label>Your message to us*<\/label><span class=\"wpcf7-form-control-wrap\" data-name=\"nachricht\"><textarea cols=\"40\" rows=\"10\" maxlength=\"2000\" class=\"wpcf7-form-control wpcf7-textarea wpcf7-validates-as-required move-label\" aria-required=\"true\" aria-invalid=\"false\" name=\"nachricht\"><\/textarea><\/span><\/p>\n\n<p class=\"smart-btn4\"><input class=\"wpcf7-form-control wpcf7-submit has-spinner btn btn-solid btn-hover-solid btn-lg color btn-hover-color\" type=\"submit\" value=\"Send now\" \/><\/p>\n\n<\/div>\n<span class=\"wpcf7-form-control-wrap\" data-name=\"acceptance-276\"><span class=\"wpcf7-form-control wpcf7-acceptance\"><span class=\"wpcf7-list-item\"><label><input type=\"checkbox\" name=\"acceptance-276\" value=\"1\" aria-invalid=\"false\" \/><span class=\"wpcf7-list-item-label\">I agree that my details for contact and allocation for any follow-up questions will be permanently stored.<\/span><\/label><\/span><\/span><\/span>\n<p><small><strong>Note:<\/strong> You can revoke this consent at any time with future effect by sending an email to <a href=\"mailto:kontakt@MOVEAIR.world\">kontakt@MOVEAIR.world<\/a> send.<\/small><\/p><\/div><div class=\"wpcf7-response-output\" aria-hidden=\"true\"><\/div>\n<input type=\"hidden\" name=\"trp-form-language\" value=\"en\"\/><\/form>\n<\/div>\n<\/div>","protected":false},"excerpt":{"rendered":"<p>Kostenlose Windenergiepotenzialanalyse\u2122 (WEPA\u2122) anfragen Nutzen Sie das Windpotenzial Ihres Standorts optimal \u2013 mit der kostenlosen MOVEAIR Windenergiepotenzialanalyse\u2122 (WEPA\u2122). Wir analysieren, wie viel Energie Ihre Infrastruktur mit einem MOVEAIR-System erzeugen kann. So funktioniert es Sie f\u00fcllen das Formular aus Wir senden Ihnen einen standardisierten Fragebogen mit relevanten Standortparametern Sie erhalten von uns eine individuelle Windenergiepotenzialanalyse \u2013 kostenlos und unverbindlich Geeignet f\u00fcr Telekommunikationsmasten &amp; Funkmasten Hafenanlagen &amp; Logistikfl\u00e4chen Br\u00fccken, Kr\u00e4ne &amp; Infrastruktur Gewerbe- und Wohnimmobilien<\/p>","protected":false},"author":0,"featured_media":0,"parent":0,"menu_order":0,"comment_status":"closed","ping_status":"closed","template":"","meta":{"_monsterinsights_skip_tracking":false,"_monsterinsights_sitenote_active":false,"_monsterinsights_sitenote_note":"","_monsterinsights_sitenote_category":0,"footnotes":""},"folder":[],"class_list":["post-2717","page","type-page","status-publish","hentry"],"_links":{"self":[{"href":"https:\/\/moveair.energy\/en\/wp-json\/wp\/v2\/pages\/2717","targetHints":{"allow":["GET"]}}],"collection":[{"href":"https:\/\/moveair.energy\/en\/wp-json\/wp\/v2\/pages"}],"about":[{"href":"https:\/\/moveair.energy\/en\/wp-json\/wp\/v2\/types\/page"}],"replies":[{"embeddable":true,"href":"https:\/\/moveair.energy\/en\/wp-json\/wp\/v2\/comments?post=2717"}],"version-history":[{"count":1,"href":"https:\/\/moveair.energy\/en\/wp-json\/wp\/v2\/pages\/2717\/revisions"}],"predecessor-version":[{"id":2720,"href":"https:\/\/moveair.energy\/en\/wp-json\/wp\/v2\/pages\/2717\/revisions\/2720"}],"wp:attachment":[{"href":"https:\/\/moveair.energy\/en\/wp-json\/wp\/v2\/media?parent=2717"}],"wp:term":[{"taxonomy":"folder","embeddable":true,"href":"https:\/\/moveair.energy\/en\/wp-json\/wp\/v2\/folder?post=2717"}],"curies":[{"name":"wp","href":"https:\/\/api.w.org\/{rel}","templated":true}]}}